{"id":14869,"date":"2014-05-20T07:51:11","date_gmt":"2014-05-20T07:51:11","guid":{"rendered":"http:\/\/demo.qodeinteractive.com\/bridge49\/?page_id=14869"},"modified":"2021-07-24T10:06:54","modified_gmt":"2021-07-24T08:06:54","slug":"home","status":"publish","type":"page","link":"https:\/\/nadaciarafael.sk\/","title":{"rendered":"Home"},"content":{"rendered":"<p>[vc_row css_animation=&#8220;&#8220; row_type=&#8220;row&#8220; use_row_as_full_screen_section=&#8220;no&#8220; type=&#8220;grid&#8220; angled_section=&#8220;no&#8220; text_align=&#8220;left&#8220; background_image_as_pattern=&#8220;without_pattern&#8220; padding_top=&#8220;80&#8243; padding_bottom=&#8220;14&#8243; anchor=&#8220;about&#8220;][vc_column][vc_column_text]<\/p>\n<h2 style=\"text-align: center;\">Kto sme?<\/h2>\n<p>[\/vc_column_text][vc_separator type=&#8220;small&#8220; position=&#8220;center&#8220; color=&#8220;#dbdbdb&#8220;][vc_column_text]<\/p>\n<h4 style=\"text-align: center;\">Sami sa pok\u00fa\u0161ame \u017ei\u0165 \u017eivot zakorenen\u00fd v hlbok\u00fdch \u013eudsk\u00fdch a kres\u0165ansk\u00fdch hodnot\u00e1ch. Z tohto \u010derp\u00e1me odhodlanie, silu, odvahu a n\u00e1dej \u2013 ktor\u00e9 sa sna\u017e\u00edme pon\u00faka\u0165 aj in\u00fdm. Nad\u00e1cia Rafael by n\u00e1m v tom mohla by\u0165 dobr\u00fdm pomocn\u00edkom.<\/h4>\n<p>[\/vc_column_text][vc_separator type=&#8220;transparent&#8220; up=&#8220;35&#8243; down=&#8220;46&#8243;][\/vc_column][\/vc_row][vc_row css_animation=&#8220;&#8220; row_type=&#8220;row&#8220; use_row_as_full_screen_section=&#8220;no&#8220; type=&#8220;grid&#8220; angled_section=&#8220;no&#8220; text_align=&#8220;left&#8220; background_image_as_pattern=&#8220;without_pattern&#8220; padding_top=&#8220;110&#8243; padding_bottom=&#8220;14&#8243; background_color=&#8220;#f2f1f1&#8243; anchor=&#8220;work&#8220;][vc_column][vc_column_text]<\/p>\n<h2 style=\"text-align: center;\">Pre\u010do?<\/h2>\n<p>[\/vc_column_text][vc_separator type=&#8220;small&#8220; position=&#8220;center&#8220; color=&#8220;#dbdbdb&#8220;][vc_column_text]<\/p>\n<p style=\"text-align: center;\">Z\u00e1le\u017e\u00ed n\u00e1m na tom, aby \u017eivot na tejto Zemi pulzoval.<\/p>\n<p style=\"text-align: center;\">Chceme len odpoveda\u0165 na ve\u013ek\u00fa \u0161tedros\u0165, ktor\u00e1 sa n\u00e1m dost\u00e1va.<\/p>\n<p style=\"text-align: center;\">Na na\u0161ej ceste \u017eivotom stret\u00e1vame \u013eud\u00ed, pred ktor\u00fdch potrebami, boles\u0165ou a n\u00fadzou nechceme zatv\u00e1ra\u0165 o\u010di, zr\u00fdchlova\u0165 krok \u010di sti\u0161ova\u0165 hlas.<\/p>\n<p style=\"text-align: center;\">Lebo na \u010dloveku z\u00e1le\u017e\u00ed.<\/p>\n<p>[\/vc_column_text][vc_separator type=&#8220;transparent&#8220; up=&#8220;35&#8243; down=&#8220;46&#8243;][\/vc_column][\/vc_row][vc_row css_animation=&#8220;&#8220; row_type=&#8220;row&#8220; use_row_as_full_screen_section=&#8220;no&#8220; type=&#8220;full_width&#8220; header_style=&#8220;dark&#8220; in_content_menu=&#8220;in_content_menu&#8220; content_menu_icon=&#8220;&#8220; angled_section=&#8220;no&#8220; text_align=&#8220;center&#8220; background_image_as_pattern=&#8220;without_pattern&#8220; anchor=&#8220;services&#8220; background_image=&#8220;15531&#8243; z_index=&#8220;&#8220;][vc_column][vc_empty_space height=&#8220;100&#8243;][vc_column_text]<\/p>\n<blockquote>\n<h1 style=\"text-align: center;\"><strong><i>\u201e\u017diaden \u010dlovek nem\u00f4\u017ee \u017ei\u0165 s\u00e1m, dospie\u0165 s\u00e1m a by\u0165 s\u00e1m \u0161tastn\u00fd\u201c.<\/i><\/strong><\/h1>\n<\/blockquote>\n<p>[\/vc_column_text][vc_empty_space height=&#8220;100&#8243;][\/vc_column][\/vc_row][vc_row css_animation=&#8220;&#8220; row_type=&#8220;row&#8220; use_row_as_full_screen_section=&#8220;no&#8220; type=&#8220;grid&#8220; angled_section=&#8220;no&#8220; text_align=&#8220;left&#8220; background_image_as_pattern=&#8220;without_pattern&#8220; padding_top=&#8220;110&#8243; padding_bottom=&#8220;100&#8243; background_color=&#8220;#f2f1f1&#8243; anchor=&#8220;portfolio&#8220;][vc_column][vc_column_text]<\/p>\n<h2 style=\"text-align: center;\">Z\u00e1le\u017e\u00ed na tom&#8230;<\/h2>\n<p>[\/vc_column_text][vc_separator type=&#8220;small&#8220; position=&#8220;center&#8220; color=&#8220;#dbdbdb&#8220;][vc_column_text]<\/p>\n<h4 style=\"text-align: center;\">&#8230; v ak\u00fdch podmienkach sa \u017eivot rod\u00ed a kto ho sprev\u00e1dza. &#8230; ako mlad\u00fd \u010dlovek objav\u00ed ve\u013ek\u00e9 pravdy o l\u00e1ske, o slobode, aby sa dok\u00e1zal pod\u013ea nich aj orientova\u0165. &#8230; \u010di \u017eivot je pln\u00fd vz\u0165ahov l\u00e1sky alebo pr\u00e1zdny z klamliv\u00fdch slov a giest. &#8230; lebo darova\u0165 \u017eivot in\u00fdm je podmienkou k \u0161\u0165astn\u00e9mu \u017eivotu, je jeho zmyslom. &#8230; ak\u00fa niesieme predstavu o Bohu a pravej l\u00e1ske.<\/h4>\n<p>[\/vc_column_text][vc_separator type=&#8220;transparent&#8220; up=&#8220;35&#8243; down=&#8220;46&#8243;][\/vc_column][\/vc_row][vc_row css_animation=&#8220;&#8220; row_type=&#8220;row&#8220; use_row_as_full_screen_section=&#8220;no&#8220; type=&#8220;full_width&#8220; header_style=&#8220;dark&#8220; angled_section=&#8220;no&#8220; text_align=&#8220;left&#8220; background_image_as_pattern=&#8220;without_pattern&#8220; anchor=&#8220;contact&#8220; css=&#8220;.vc_custom_1626802261613{background-color: #502b3b !important;}&#8220; z_index=&#8220;&#8220;][vc_column][vc_separator type=&#8220;transparent&#8220; up=&#8220;125&#8243; down=&#8220;0&#8243;][vc_column_text]<\/p>\n<h2 style=\"text-align: center;\"><span style=\"color: #ffffff;\">Kontakt<\/span><\/h2>\n<p>[\/vc_column_text][vc_separator type=&#8220;transparent&#8220; up=&#8220;35&#8243; down=&#8220;90&#8243;][vc_row_inner row_type=&#8220;row&#8220; type=&#8220;full_width&#8220; text_align=&#8220;center&#8220; css_animation=&#8220;&#8220; background_color=&#8220;#502b3b&#8220; css=&#8220;.vc_custom_1626804516300{background-color: #502b3b !important;}&#8220;][vc_column_inner width=&#8220;1\/3&#8243;][\/vc_column_inner][vc_column_inner width=&#8220;1\/3&#8243;][vc_single_image image=&#8220;15534&#8243; img_size=&#8220;full&#8220; alignment=&#8220;center&#8220; qode_css_animation=&#8220;&#8220;][vc_separator type=&#8220;transparent&#8220; up=&#8220;32&#8243; down=&#8220;0&#8243;][vc_column_text]Nad\u00e1cia Rafael<\/p>\n<p>Mileti\u010dova 7<\/p>\n<p>821 08 Bratislava<\/p>\n<p>Slovensko<\/p>\n<p><a class=\"rABsFf RffVmb AL18ce\" href=\"mailto:vagacf@gmail.com\" target=\"_blank\" rel=\"noopener\" data-tooltip-position=\"top\" data-tooltip=\"Z\u00a0pou\u017e\u00edvate\u013eovho profilu Google\">vagacf@gmail.com<\/a>[\/vc_column_text][\/vc_column_inner][vc_column_inner width=&#8220;1\/3&#8243;][\/vc_column_inner][\/vc_row_inner][vc_separator type=&#8220;transparent&#8220; up=&#8220;125&#8243; down=&#8220;0&#8243;][\/vc_column][\/vc_row]<\/p>\n","protected":false},"excerpt":{"rendered":"<p>[vc_row css_animation=&#8220;&#8220; row_type=&#8220;row&#8220; use_row_as_full_screen_section=&#8220;no&#8220; type=&#8220;grid&#8220; angled_section=&#8220;no&#8220; text_align=&#8220;left&#8220; background_image_as_pattern=&#8220;without_pattern&#8220; padding_top=&#8220;80&#8243; padding_bottom=&#8220;14&#8243; anchor=&#8220;about&#8220;][vc_column][vc_column_text] Kto sme? [\/vc_column_text][vc_separator type=&#8220;small&#8220; position=&#8220;center&#8220; color=&#8220;#dbdbdb&#8220;][vc_column_text] Sami sa pok\u00fa\u0161ame \u017ei\u0165 \u017eivot zakorenen\u00fd v hlbok\u00fdch \u013eudsk\u00fdch a kres\u0165ansk\u00fdch hodnot\u00e1ch. Z tohto \u010derp\u00e1me odhodlanie, silu, odvahu a n\u00e1dej \u2013 ktor\u00e9 sa sna\u017e\u00edme pon\u00faka\u0165 aj in\u00fdm. Nad\u00e1cia&#8230;<\/p>\n","protected":false},"author":1,"featured_media":0,"parent":0,"menu_order":0,"comment_status":"open","ping_status":"open","template":"full_width.php","meta":[],"_links":{"self":[{"href":"https:\/\/nadaciarafael.sk\/index.php?rest_route=\/wp\/v2\/pages\/14869"}],"collection":[{"href":"https:\/\/nadaciarafael.sk\/index.php?rest_route=\/wp\/v2\/pages"}],"about":[{"href":"https:\/\/nadaciarafael.sk\/index.php?rest_route=\/wp\/v2\/types\/page"}],"author":[{"embeddable":true,"href":"https:\/\/nadaciarafael.sk\/index.php?rest_route=\/wp\/v2\/users\/1"}],"replies":[{"embeddable":true,"href":"https:\/\/nadaciarafael.sk\/index.php?rest_route=%2Fwp%2Fv2%2Fcomments&post=14869"}],"version-history":[{"count":6,"href":"https:\/\/nadaciarafael.sk\/index.php?rest_route=\/wp\/v2\/pages\/14869\/revisions"}],"predecessor-version":[{"id":15546,"href":"https:\/\/nadaciarafael.sk\/index.php?rest_route=\/wp\/v2\/pages\/14869\/revisions\/15546"}],"wp:attachment":[{"href":"https:\/\/nadaciarafael.sk\/index.php?rest_route=%2Fwp%2Fv2%2Fmedia&parent=14869"}],"curies":[{"name":"wp","href":"https:\/\/api.w.org\/{rel}","templated":true}]}}